{"id":12382,"date":"2020-02-19T14:45:10","date_gmt":"2020-02-19T14:45:10","guid":{"rendered":"https:\/\/www.masina.rs\/?page_id=12382"},"modified":"2020-02-19T14:45:10","modified_gmt":"2020-02-19T14:45:10","slug":"kontakt","status":"publish","type":"page","link":"https:\/\/test.masina.rs\/?page_id=12382","title":{"rendered":"Kontakt"},"content":{"rendered":"\n<h1 class=\"gb-headline gb-headline-da54793c gb-headline-text\">Kontakt<\/h1>\n\n\n\n<p>Va\u0161a pitanja, sugestije, komentare i predloge nam mo\u017eete poslati na: <a aria-label=\" (opens in a new tab)\" rel=\"noreferrer noopener\" href=\"mailto:info@masina.rs\" target=\"_blank\"><strong>info@masina.rs<\/strong><\/a>.<\/p>\n\n\n\n<p>Mo\u017eete da nas kontaktirate i putem formulara:<\/p>\n\n\n<div class=\"gb-container gb-container-18f6af99\"><div class=\"gb-inside-container\">\n<p>[contact]<\/p>\n\n<\/div><\/div>\n\n\n<p><\/p>\n\n\n\n<p>Predloge polemi\u010dkih tekstova i reagovanja na pisanje drugih autora i autorki nam mo\u017eete poslati na istu <a href=\"mailto:info@masina.rs\" target=\"_blank\" rel=\"noreferrer noopener nofollow\">adresu elektronske po\u0161te<\/a>. Ove tekstove objavljujemo u rubrici \u201eStav\u201c ukoliko nisu uvredljivi na rodnoj, rasnoj, nacionalnoj ili nekoj drugoj osnovi i ukoliko su u skladu sa ure\u0111iva\u010dkom politikom Ma\u0161ine.<\/p>\n\n\n<div class=\"gb-container gb-container-f138ed99\"><div class=\"gb-inside-container\">\n<div class=\"gb-button-wrapper gb-button-wrapper-8ebf562d\">\n\n<a class=\"gb-button gb-button-c946b502 gb-button-text news-button\" href=\"https:\/\/test.masina.rs\/?page_id=12438\">Prijavite se na Ma\u0161ina newsletter!<\/a>\n\n<\/div>\n\n\n<p>Jednom mese\u010dno \u0107emo vam slati preglede na\u0161e produkcije, povremene temate o najva\u017enijim temama i obave\u0161tenja o ne-medijskim aktivnostima Ma\u0161ine.<\/p>\n\n<\/div><\/div>","protected":false},"excerpt":{"rendered":"<p>Kontakt Va\u0161a pitanja, sugestije, komentare i predloge nam mo\u017eete poslati na: info@masina.rs. Mo\u017eete da nas kontaktirate i putem formulara: Predloge polemi\u010dkih tekstova i reagovanja na pisanje drugih autora i autorki nam mo\u017eete poslati na istu adresu elektronske po\u0161te. Ove tekstove objavljujemo u rubrici \u201eStav\u201c ukoliko nisu uvredljivi na rodnoj, rasnoj, nacionalnoj ili nekoj drugoj osnovi &#8230; <a title=\"Kontakt\" class=\"read-more\" href=\"https:\/\/test.masina.rs\/?page_id=12382\" aria-label=\"Read more about Kontakt\">Read more<\/a><\/p>\n","protected":false},"author":240,"featured_media":0,"parent":0,"menu_order":0,"comment_status":"closed","ping_status":"closed","template":"","meta":{"_acf_changed":false,"footnotes":""},"coauthors":[3],"class_list":["post-12382","page","type-page","status-publish"],"acf":[],"_links":{"self":[{"href":"https:\/\/test.masina.rs\/index.php?rest_route=\/wp\/v2\/pages\/12382","targetHints":{"allow":["GET"]}}],"collection":[{"href":"https:\/\/test.masina.rs\/index.php?rest_route=\/wp\/v2\/pages"}],"about":[{"href":"https:\/\/test.masina.rs\/index.php?rest_route=\/wp\/v2\/types\/page"}],"author":[{"embeddable":true,"href":"https:\/\/test.masina.rs\/index.php?rest_route=\/wp\/v2\/users\/240"}],"replies":[{"embeddable":true,"href":"https:\/\/test.masina.rs\/index.php?rest_route=%2Fwp%2Fv2%2Fcomments&post=12382"}],"version-history":[{"count":0,"href":"https:\/\/test.masina.rs\/index.php?rest_route=\/wp\/v2\/pages\/12382\/revisions"}],"wp:attachment":[{"href":"https:\/\/test.masina.rs\/index.php?rest_route=%2Fwp%2Fv2%2Fmedia&parent=12382"}],"wp:term":[{"taxonomy":"author","embeddable":true,"href":"https:\/\/test.masina.rs\/index.php?rest_route=%2Fwp%2Fv2%2Fcoauthors&post=12382"}],"curies":[{"name":"wp","href":"https:\/\/api.w.org\/{rel}","templated":true}]}}