{"id":2102,"date":"2015-12-23T00:10:02","date_gmt":"2015-12-23T00:10:02","guid":{"rendered":"https:\/\/www.masina.rs\/?page_id=2102"},"modified":"2015-12-23T00:10:02","modified_gmt":"2015-12-23T00:10:02","slug":"konkurs","status":"publish","type":"page","link":"https:\/\/test.masina.rs\/?page_id=2102","title":{"rendered":"Konkurs"},"content":{"rendered":"<h4 style=\"text-align: center;\"><img loading=\"lazy\" decoding=\"async\" class=\"alignnone size-full wp-image-2108\" src=\"https:\/\/test.masina.rs\/wp-content\/uploads\/2015\/12\/masina2016_OPENCALL_website-ilustracija.png\" alt=\"masina2016_OPENCALL_website-ilustracija\" width=\"720\" height=\"271\" srcset=\"https:\/\/test.masina.rs\/wp-content\/uploads\/2015\/12\/masina2016_OPENCALL_website-ilustracija.png 720w, https:\/\/test.masina.rs\/wp-content\/uploads\/2015\/12\/masina2016_OPENCALL_website-ilustracija-300x113.png 300w\" sizes=\"auto, (max-width: 720px) 100vw, 720px\" \/><\/h4>\n<h4 style=\"text-align: center;\"><strong>Kriti\u010dka\u00a0ma\u0161ina &#8211;\u00a0<\/strong>Konkurs za u\u010de\u0161\u0107e u projektu<\/h4>\n<p>&nbsp;<\/p>\n<p><strong>Kontekst kolektiv<\/strong> vas poziva da se prijavite za u\u010de\u0161\u0107e u seriji seminara koji se realizuju tokom 2016. godine u okviru projekta pod nazivom <em>Kriti\u010dka ma\u0161ina<\/em>.<\/p>\n<p><strong>\u010cemu <em>Kriti\u010dka ma\u0161ina<\/em>?<\/strong><\/p>\n<p>Uspostavljanje kapitalisti\u010dkog sistema je na celom prostoru nekada\u0161nje Jugoslavije dovelo do nestanka, odnosno, privatizovanja infrastrukture koju su radni\u010dki pokreti stvarali tokom \u010ditavog XX veka. Time je i levo orijentisana kriti\u010dka misao u Srbiji izgubila bazu koja bi omogu\u0107ila njen razvoj, distribuciju i delovanje. U me\u0111uvremenu, liberalni i desni narativi u potpunosti hegemonizuju klju\u010dna mesta produkcije i distribucije dru\u0161tvene kritike (politi\u010dka sfera, univerziteti, udru\u017eenja, aktivisti\u010dke grupe, sindikati, mediji). Me\u0111utim, u poslednjih nekoliko godina primetan je porast zainteresovanosti za levo orijentisanu teoriju i praksu, kroz lokalnu i regionalnu razmenu znanja izme\u0111u politi\u010dko-aktivisti\u010dkih i teorijsko-kriti\u010dko-analiti\u010dkih inicijativa. Danas mo\u017eemo da ka\u017eemo da odre\u0111ena kriti\u010dko-analiti\u010dka produkcija postoji i cirkuli\u0161e i u Srbiji. Me\u0111utim, klju\u010dno pitanje je kako otvoriti prostor da ovakve kriti\u010dke analize zauzmu \u0161iri prostor javnog delovanja.<\/p>\n<p>Cilj projekta <em>Kriti\u010dka ma\u0161ina<\/em> je upravo da doprinese obezbe\u0111ivanju uslova za kontinuiranu reprodukciju i \u0161irenje novog jezika kritike koji bi se bavio analizom dru\u0161tvenih fenomena dostupnoj \u0161iroj javnosti, na analiti\u010dki postavljen na\u010din, istra\u017eiva\u010dki utemeljen i sa kriti\u010dkom o\u0161trinom.<\/p>\n<p>Nakon dve godine postojanja <em>Kriti\u010dke ma\u0161ine<\/em> &#8211; levo orijentisane obrazovne platforme i portala masina.rs, smatramo va\u017enim da nastavimo sa razvijanjem i reprodukovanjem njenih materijalnih i ljudskih kapaciteta.<\/p>\n<p><strong>Kako radi <em>Kriti\u010dka ma\u0161ina<\/em>?<\/strong><\/p>\n<p><em>Kriti\u010dka ma\u0161ina<\/em> se realizuje kroz seriju seminara sli\u010dne strukture i metodologije rada koja se sastoji od radionica, javnih predavanja i tekstualne produkcije:<\/p>\n<p>I seminar: <em>Grad i kriza kapitalizma<\/em> \u0107e preispitivati pitanja savremene proizvodnje grada, migracija, probleme stanovanja, segregacije stanovni\u0161tva, uloge javnog i privatnog prostora kao i uloge kulture i umetnosti u ovim procesima.<\/p>\n<p>II seminar: <em>Odnos rada i kapitala<\/em> \u0107e ponuditi osnove kritike i analize logike (savremenog) kapitalisti\u010dkog na\u010dina proizvodnje kroz kratak pregled istorije radni\u010dkih borbi, sa fokusom na nevidljivi \u017eenski rad i diskusiju o mogu\u0107im politi\u010dkim i ekonomskim alternativama.<\/p>\n<p>III seminar: <em>Komodifikacija javnog sektora &#8211; posledice i alternative<\/em> se bavi procesom komodifikacije i racionalizacije javnog sektora, naro\u010dito u zdravstvu i obrazovanju, kao i problematizovanjem polo\u017eaja mladih u periodu \u201emera \u0161tednji\u201c, velikim procentom nezaposlenosti, i sve \u010de\u0161\u0107im zahtevima za nepla\u0107enim i volonterskim radom.<\/p>\n<p><strong>Kako da se uklju\u010dite u <em>Kriti\u010dku ma\u0161inu<\/em>?<\/strong><\/p>\n<p>Svi oni koji poseduju (minimalno) iskustvo u pisanju, svi\/e zainteresovani\/e za pomenute teme i zajedni\u010dki rad kao i studenti\/kinje dru\u0161tvenih, politi\u010dkih i prirodnih nauka, umetnosti, itd. su dobrodo\u0161li\/e da se prijave. Do 10 polaznika\/ca \u0107e biti pozvano da u\u010destvuje u radu projekta <em>Kriti\u010dka ma\u0161ina<\/em>.<\/p>\n<p>Molimo vas da po\u0161aljete prijavu (u word, odt ili pdf formatu) koja \u0107e sadr\u017eati:<\/p>\n<ul>\n<li><strong>narativnu biografiju<\/strong> (do 500 re\u010di) koja \u0107e uklju\u010diti sfere va\u0161ih interesovanja; dosada\u0161nja iskustva u \u0161kolovanju, studiranju i radu<\/li>\n<li><strong>motivaciono pismo<\/strong> (do 500 re\u010di) koje \u0107e odgovoriti na slede\u0107a pitanja: Za\u0161to ste zainteresovani za ove teme? Da li ste imali nekog prethodnog iskustva u bavljenju ovim temama? \u0160ta o\u010dekujete od seminara? Da li mislite da mo\u017eete da se posvetite u\u010de\u0161\u0107u u seminarima u kontinuitetu u postavljenom vremenskom periodu?<\/li>\n<li><strong>kontakt<\/strong> (e-mail adrese i broj mobilnog telefona);<\/li>\n<\/ul>\n<p>Kandidati se prijavljuju za u\u010de\u0161\u0107e na sva tri seminara.<\/p>\n<p>Prijavu poslati najkasnije do <strong>20. januara 2016.<\/strong> na slede\u0107i e-mail: <a href=\"mailto:info@masina.rs\" target=\"_blank\">info@masina.rs<\/a><\/p>\n<p>O odlukama \u0107ete biti obave\u0161teni <strong>1. februara 2016.<\/strong><\/p>\n<p>Za sva dodatna pitanja mo\u017eete pisati na e-mail: <a href=\"mailto:info@masina.rs\" target=\"_blank\">info@masina.rs<\/a><\/p>\n<p>U\u010destvovanje u projektu je besplatno. Projekat se realizuje u Beogradu. Tro\u0161kovi prevoza za polaznike van Beograda su obezbe\u0111eni.<\/p>\n<p>&nbsp;<\/p>\n<p>Projekat je podr\u017ean od strane Rosa Luxemburg Stiftung Southeast Europe<\/p>\n","protected":false},"excerpt":{"rendered":"<p>Kriti\u010dka\u00a0ma\u0161ina &#8211;\u00a0Konkurs za u\u010de\u0161\u0107e u projektu &nbsp; Kontekst kolektiv vas poziva da se prijavite za u\u010de\u0161\u0107e u seriji seminara koji se realizuju tokom 2016. godine u okviru projekta pod nazivom Kriti\u010dka ma\u0161ina. \u010cemu Kriti\u010dka ma\u0161ina? Uspostavljanje kapitalisti\u010dkog sistema je na celom prostoru nekada\u0161nje Jugoslavije dovelo do nestanka, odnosno, privatizovanja infrastrukture koju su radni\u010dki pokreti stvarali &#8230; <a title=\"Konkurs\" class=\"read-more\" href=\"https:\/\/test.masina.rs\/?page_id=2102\" aria-label=\"Read more about Konkurs\">Read more<\/a><\/p>\n","protected":false},"author":240,"featured_media":2108,"parent":0,"menu_order":0,"comment_status":"closed","ping_status":"closed","template":"","meta":{"_acf_changed":false,"footnotes":""},"coauthors":[3],"class_list":["post-2102","page","type-page","status-publish","has-post-thumbnail"],"acf":[],"_links":{"self":[{"href":"https:\/\/test.masina.rs\/index.php?rest_route=\/wp\/v2\/pages\/2102","targetHints":{"allow":["GET"]}}],"collection":[{"href":"https:\/\/test.masina.rs\/index.php?rest_route=\/wp\/v2\/pages"}],"about":[{"href":"https:\/\/test.masina.rs\/index.php?rest_route=\/wp\/v2\/types\/page"}],"author":[{"embeddable":true,"href":"https:\/\/test.masina.rs\/index.php?rest_route=\/wp\/v2\/users\/240"}],"replies":[{"embeddable":true,"href":"https:\/\/test.masina.rs\/index.php?rest_route=%2Fwp%2Fv2%2Fcomments&post=2102"}],"version-history":[{"count":0,"href":"https:\/\/test.masina.rs\/index.php?rest_route=\/wp\/v2\/pages\/2102\/revisions"}],"wp:featuredmedia":[{"embeddable":true,"href":"https:\/\/test.masina.rs\/index.php?rest_route=\/wp\/v2\/media\/2108"}],"wp:attachment":[{"href":"https:\/\/test.masina.rs\/index.php?rest_route=%2Fwp%2Fv2%2Fmedia&parent=2102"}],"wp:term":[{"taxonomy":"author","embeddable":true,"href":"https:\/\/test.masina.rs\/index.php?rest_route=%2Fwp%2Fv2%2Fcoauthors&post=2102"}],"curies":[{"name":"wp","href":"https:\/\/api.w.org\/{rel}","templated":true}]}}