{"id":29747,"date":"2022-10-04T12:24:21","date_gmt":"2022-10-04T12:24:21","guid":{"rendered":"https:\/\/www.masina.rs\/?page_id=29747"},"modified":"2022-10-04T12:24:21","modified_gmt":"2022-10-04T12:24:21","slug":"pisite-nam","status":"publish","type":"page","link":"https:\/\/test.masina.rs\/?page_id=29747","title":{"rendered":"Pi\u0161ite nam"},"content":{"rendered":"\n<figure class=\"wp-block-image alignwide size-large\"><img decoding=\"async\" src=\"https:\/\/test.masina.rs\/wp-content\/uploads\/2022\/10\/Masina-post-Pisite-nam-1600-WHITE-1200x675.png\" alt=\"\" class=\"wp-image-29761\"\/><\/figure>\n\n\n\n<p>Ako su vam ugro\u017eena radna prava i \u017eelite da objavimo ne\u0161to o tome \u2013 pi\u0161ite nam.<\/p>\n\n\n\n<p>Ako su vama ili va\u0161im kolegama i koleginicama ugro\u017eena individualna ili kolektivna radna prava i smatrate da bi medijsko pra\u0107enje te situacije doprinelo pozitivnom re\u0161enju \u2013 pi\u0161ite nam na mejl: <a href=\"mailto:pisitenam@masina.rs\">pisitenam@masina.rs<\/a> ili popunjavanjem forme na ovoj stranici.<\/p>\n\n\n\n<p>Novinari i urednici Ma\u0161ine \u0107e vam se obratiti i zajedni\u010dki \u0107emo se dogovoriti o mogu\u0107nostima pisanja o problemima sa kojima se suo\u010davate.<\/p>\n\n\n\n<p>Pi\u0161ite nam i ukoliko se vi i va\u0161e kolege i koleginice suo\u010davate sa pritiscima i napadima zbog poku\u0161aja organizovanja sindikata ili samo zato \u0161to ste poslodavcu ukazivali na odre\u0111ene probleme u firmi. Pi\u0161ite nam i ukoliko smatrate da poslodavci u javnim preduze\u0107ima i dr\u017eavnim firmama rade na \u0161tetu firme i zaposlenih ili ukoliko veliki broj radnika i radnica radi preko ugovora o privremenim i povremenim poslovima.<\/p>\n\n\n\n<p>Mi \u0107emo kao medij poku\u0161ati da vam pomognemo tako \u0161to bismo va\u0161e probleme u\u010dinili vidljivijim.<\/p>\n\n\n\n<div style=\"height:10px\" aria-hidden=\"true\" class=\"wp-block-spacer\"><\/div>\n\n\n<div class=\"gb-container gb-container-18f6af99\"><div class=\"gb-inside-container\">\n<p>[contact email_to=&#8221;pisitenam@masina.rs, vladimir.jeric@gmail.com&#8221;]<\/p>\n\n<\/div><\/div>\n\n\n<div style=\"height:30px\" aria-hidden=\"true\" class=\"wp-block-spacer\"><\/div>\n","protected":false},"excerpt":{"rendered":"<p>Ako su vam ugro\u017eena radna prava i \u017eelite da objavimo ne\u0161to o tome \u2013 pi\u0161ite nam. Ako su vama ili va\u0161im kolegama i koleginicama ugro\u017eena individualna ili kolektivna radna prava i smatrate da bi medijsko pra\u0107enje te situacije doprinelo pozitivnom re\u0161enju \u2013 pi\u0161ite nam na mejl: pisitenam@masina.rs ili popunjavanjem forme na ovoj stranici. Novinari i &#8230; <a title=\"Pi\u0161ite nam\" class=\"read-more\" href=\"https:\/\/test.masina.rs\/?page_id=29747\" aria-label=\"Read more about Pi\u0161ite nam\">Read more<\/a><\/p>\n","protected":false},"author":240,"featured_media":29750,"parent":0,"menu_order":0,"comment_status":"closed","ping_status":"closed","template":"","meta":{"_acf_changed":false,"footnotes":""},"coauthors":[3],"class_list":["post-29747","page","type-page","status-publish","has-post-thumbnail"],"acf":[],"_links":{"self":[{"href":"https:\/\/test.masina.rs\/index.php?rest_route=\/wp\/v2\/pages\/29747","targetHints":{"allow":["GET"]}}],"collection":[{"href":"https:\/\/test.masina.rs\/index.php?rest_route=\/wp\/v2\/pages"}],"about":[{"href":"https:\/\/test.masina.rs\/index.php?rest_route=\/wp\/v2\/types\/page"}],"author":[{"embeddable":true,"href":"https:\/\/test.masina.rs\/index.php?rest_route=\/wp\/v2\/users\/240"}],"replies":[{"embeddable":true,"href":"https:\/\/test.masina.rs\/index.php?rest_route=%2Fwp%2Fv2%2Fcomments&post=29747"}],"version-history":[{"count":0,"href":"https:\/\/test.masina.rs\/index.php?rest_route=\/wp\/v2\/pages\/29747\/revisions"}],"wp:featuredmedia":[{"embeddable":true,"href":"https:\/\/test.masina.rs\/index.php?rest_route=\/wp\/v2\/media\/29750"}],"wp:attachment":[{"href":"https:\/\/test.masina.rs\/index.php?rest_route=%2Fwp%2Fv2%2Fmedia&parent=29747"}],"wp:term":[{"taxonomy":"author","embeddable":true,"href":"https:\/\/test.masina.rs\/index.php?rest_route=%2Fwp%2Fv2%2Fcoauthors&post=29747"}],"curies":[{"name":"wp","href":"https:\/\/api.w.org\/{rel}","templated":true}]}}