{"id":40279,"date":"2024-03-15T12:11:16","date_gmt":"2024-03-15T12:11:16","guid":{"rendered":"https:\/\/www.masina.rs\/?page_id=40279"},"modified":"2024-03-15T12:11:16","modified_gmt":"2024-03-15T12:11:16","slug":"masina-njuzleter","status":"publish","type":"page","link":"https:\/\/test.masina.rs\/?page_id=40279","title":{"rendered":"Ma\u0161ina newsletter"},"content":{"rendered":"\n<p>Drago nam je da si tu!<\/p>\n\n\n\n<p>Ukoliko se prijavi\u0161 za na\u0161 njuzleter, povremeno \u0107emo ti slati pregled na\u0161e produkcije, najave javnih doga\u0111aja koje organizujemo, odabrane temate iz na\u0161e produkcije, kao i obave\u0161tenja o ostalim aktivnostima Ma\u0161ine i na\u010dinima da podr\u017eite na\u0161 rad.\u00a0<br><\/p>\n\n\n\n<link href='https:\/\/actionnetwork.org\/css\/style-embed-v3.css' rel='stylesheet' type='text\/css' \/><script src='https:\/\/actionnetwork.org\/widgets\/v5\/form\/prijavi-se-za-newsletter-2?format=js&#038;source=widget'><\/script><div id='can-form-area-prijavi-se-za-newsletter-2' style='width: 100%'><!-- this div is the target for our HTML insertion --><\/div>\n\n\n\n<p><\/p>\n\n\n\n<p>Hvala vam na prijavi i podr\u0161ci. <\/p>\n","protected":false},"excerpt":{"rendered":"<p>Drago nam je da si tu! Ukoliko se prijavi\u0161 za na\u0161 njuzleter, povremeno \u0107emo ti slati pregled na\u0161e produkcije, najave javnih doga\u0111aja koje organizujemo, odabrane temate iz na\u0161e produkcije, kao i obave\u0161tenja o ostalim aktivnostima Ma\u0161ine i na\u010dinima da podr\u017eite na\u0161 rad.\u00a0 Hvala vam na prijavi i podr\u0161ci.<\/p>\n","protected":false},"author":240,"featured_media":12444,"parent":0,"menu_order":0,"comment_status":"closed","ping_status":"closed","template":"","meta":{"_acf_changed":false,"footnotes":""},"coauthors":[3],"class_list":["post-40279","page","type-page","status-publish","has-post-thumbnail"],"acf":[],"_links":{"self":[{"href":"https:\/\/test.masina.rs\/index.php?rest_route=\/wp\/v2\/pages\/40279","targetHints":{"allow":["GET"]}}],"collection":[{"href":"https:\/\/test.masina.rs\/index.php?rest_route=\/wp\/v2\/pages"}],"about":[{"href":"https:\/\/test.masina.rs\/index.php?rest_route=\/wp\/v2\/types\/page"}],"author":[{"embeddable":true,"href":"https:\/\/test.masina.rs\/index.php?rest_route=\/wp\/v2\/users\/240"}],"replies":[{"embeddable":true,"href":"https:\/\/test.masina.rs\/index.php?rest_route=%2Fwp%2Fv2%2Fcomments&post=40279"}],"version-history":[{"count":0,"href":"https:\/\/test.masina.rs\/index.php?rest_route=\/wp\/v2\/pages\/40279\/revisions"}],"wp:featuredmedia":[{"embeddable":true,"href":"https:\/\/test.masina.rs\/index.php?rest_route=\/wp\/v2\/media\/12444"}],"wp:attachment":[{"href":"https:\/\/test.masina.rs\/index.php?rest_route=%2Fwp%2Fv2%2Fmedia&parent=40279"}],"wp:term":[{"taxonomy":"author","embeddable":true,"href":"https:\/\/test.masina.rs\/index.php?rest_route=%2Fwp%2Fv2%2Fcoauthors&post=40279"}],"curies":[{"name":"wp","href":"https:\/\/api.w.org\/{rel}","templated":true}]}}