{"id":4175,"date":"2017-03-16T11:43:23","date_gmt":"2017-03-16T11:43:23","guid":{"rendered":"https:\/\/www.masina.rs\/?page_id=4175"},"modified":"2017-03-16T11:43:23","modified_gmt":"2017-03-16T11:43:23","slug":"donacije","status":"publish","type":"page","link":"https:\/\/test.masina.rs\/?page_id=4175","title":{"rendered":"Donacije"},"content":{"rendered":"\n<h1 class=\"gb-headline gb-headline-ef96d213 gb-headline-text\">DONACIJE<\/h1>\n\n\n\n<p>Smatramo da je jako va\u017eno da kriti\u010dko novinarstvo ostane van komercijalnih interesa. Podr\u017eavaju\u0107i na\u0161 rad jednokratnom uplatom ili trajnim nalogom poma\u017eete nam da ostanemo nezavisni.<\/p>\n\n\n\n<p>Sva podr\u0161ka je dobrodo\u0161la!<\/p>\n\n\n\n<p><strong>PayPal<\/strong>: <a href=\"https:\/\/www.paypal.com\/paypalme\/portalmasinars\" target=\"_blank\" rel=\"noopener\">paypal.me\/portalmasinars<\/a><a href=\"http:\/\/paypal.me\/portalmasinars\" target=\"_blank\" rel=\"noreferrer noopener\">&nbsp;<\/a><\/p>\n\n\n\n<p><strong>Patreon<\/strong>: <a href=\"http:\/\/patreon.com\/portalmasina\" target=\"_blank\" rel=\"noreferrer noopener\">patreon.com\/portalmasina<\/a><\/p>\n\n\n\n<h2 class=\"wp-block-heading\">Uplate na dinarski ra\u010dun u Srbiji<\/h2>\n\n\n\n<p>Svrha uplate: <strong>donacija<\/strong><br>Primalac: <strong>Centar za primenjenu komunikaciju<\/strong><br>Ra\u010dun primaoca: <strong>170-30070887000-15<\/strong><br>\u0160ifra pla\u0107anja: <strong>288<\/strong><\/p>\n\n\n\n<p>Dinarsku uplatu mo\u017eete izvr\u0161iti i preko aplikacije na mobilnom telefonu (IPS pla\u0107anje) skeniranjem ovog koda:<\/p>\n\n\n\n<figure class=\"wp-block-image size-full\"><img loading=\"lazy\" decoding=\"async\" width=\"250\" height=\"250\" src=\"https:\/\/test.masina.rs\/wp-content\/uploads\/2025\/07\/Masina-NBS-IPS-QR.png\" alt=\"\" class=\"wp-image-48259\" srcset=\"https:\/\/test.masina.rs\/wp-content\/uploads\/2025\/07\/Masina-NBS-IPS-QR.png 250w, https:\/\/test.masina.rs\/wp-content\/uploads\/2025\/07\/Masina-NBS-IPS-QR-150x150.png 150w\" sizes=\"auto, (max-width: 250px) 100vw, 250px\" \/><\/figure>\n","protected":false},"excerpt":{"rendered":"<p>DONACIJE Smatramo da je jako va\u017eno da kriti\u010dko novinarstvo ostane van komercijalnih interesa. Podr\u017eavaju\u0107i na\u0161 rad jednokratnom uplatom ili trajnim nalogom poma\u017eete nam da ostanemo nezavisni. Sva podr\u0161ka je dobrodo\u0161la! PayPal: paypal.me\/portalmasinars&nbsp; Patreon: patreon.com\/portalmasina Uplate na dinarski ra\u010dun u Srbiji Svrha uplate: donacijaPrimalac: Centar za primenjenu komunikacijuRa\u010dun primaoca: 170-30070887000-15\u0160ifra pla\u0107anja: 288 Dinarsku uplatu mo\u017eete izvr\u0161iti &#8230; <a title=\"Donacije\" class=\"read-more\" href=\"https:\/\/test.masina.rs\/?page_id=4175\" aria-label=\"Read more about Donacije\">Read more<\/a><\/p>\n","protected":false},"author":240,"featured_media":0,"parent":0,"menu_order":0,"comment_status":"closed","ping_status":"closed","template":"","meta":{"_acf_changed":false,"footnotes":""},"coauthors":[3],"class_list":["post-4175","page","type-page","status-publish"],"acf":[],"_links":{"self":[{"href":"https:\/\/test.masina.rs\/index.php?rest_route=\/wp\/v2\/pages\/4175","targetHints":{"allow":["GET"]}}],"collection":[{"href":"https:\/\/test.masina.rs\/index.php?rest_route=\/wp\/v2\/pages"}],"about":[{"href":"https:\/\/test.masina.rs\/index.php?rest_route=\/wp\/v2\/types\/page"}],"author":[{"embeddable":true,"href":"https:\/\/test.masina.rs\/index.php?rest_route=\/wp\/v2\/users\/240"}],"replies":[{"embeddable":true,"href":"https:\/\/test.masina.rs\/index.php?rest_route=%2Fwp%2Fv2%2Fcomments&post=4175"}],"version-history":[{"count":0,"href":"https:\/\/test.masina.rs\/index.php?rest_route=\/wp\/v2\/pages\/4175\/revisions"}],"wp:attachment":[{"href":"https:\/\/test.masina.rs\/index.php?rest_route=%2Fwp%2Fv2%2Fmedia&parent=4175"}],"wp:term":[{"taxonomy":"author","embeddable":true,"href":"https:\/\/test.masina.rs\/index.php?rest_route=%2Fwp%2Fv2%2Fcoauthors&post=4175"}],"curies":[{"name":"wp","href":"https:\/\/api.w.org\/{rel}","templated":true}]}}