{"id":817,"date":"2015-01-20T01:57:59","date_gmt":"2015-01-20T01:57:59","guid":{"rendered":"https:\/\/www.masina.rs\/?page_id=817"},"modified":"2015-01-20T01:57:59","modified_gmt":"2015-01-20T01:57:59","slug":"impressum","status":"publish","type":"page","link":"https:\/\/test.masina.rs\/?page_id=817","title":{"rendered":"Impressum"},"content":{"rendered":"\n<h2 class=\"gb-headline gb-headline-21577019 gb-headline-text\">IMPRESSUM<\/h2>\n\n\n\n<p><strong>Ma\u0161ina<\/strong> &#8211; proizvodnja dru\u0161tvene kritike<br><a href=\"\/www.masina.rs%E2%80%8B\" target=\"_blank\" rel=\"noopener\">www.masina.rs\u200b<\/a> \u200b<br><strong>Registarski broj<\/strong>: IN000224<\/p>\n\n\n\n<p><strong>Izdava\u010d<\/strong>: <br>Centar za primenjenu komunikaciju <\/p>\n\n\n\n<p><strong>Glavni i odgovorni urednik<\/strong>: Marko Mileti\u0107 (<a href=\"mailto:marko.miletic@masina.rs\" target=\"_blank\" rel=\"noreferrer noopener\">marko.miletic@masina.rs<\/a>)<br><strong>Koordinatorka:<\/strong> Irena Peji\u0107 (<a href=\"mailto:irena.pejic@masina.rs\" target=\"_blank\" rel=\"noreferrer noopener\">irena.pejic@masina.rs<\/a>)<br><strong>Dru\u0161tvene mre\u017ee<\/strong>: Bojan Terzi\u0107<br><strong>Vizuelni identitet<\/strong>: Jakov Ponjavi\u0107<br><strong>Web administrator<\/strong>: Vladimir Jeri\u0107 Vlidi<br><strong>Fotografija<\/strong>: <a href=\"http:\/\/kamerades.com\/\" target=\"_blank\" rel=\"noreferrer noopener\">Kamerades<\/a>, Ma\u0161ina<\/p>\n\n\n\n<p><em>Fotografije grupe Kamarades objavljene na portalu Ma\u0161ina se mogu prenositi i koristiti samo i isklju\u010divo kao ilustracije teksta uz koji su or\u200bi\u200bginalno objavljene<\/em><\/p>\n\n\n\n<p><strong>Novinarke\/i<\/strong>: Anastazija Govedarica Atanasijevi\u0107, Darija Stjepi\u0107, Aleksandar \u0110oki\u0107<\/p>\n\n\n\n<p><strong>Creative Commons<\/strong> (<a href=\"http:\/\/creativecommons.org\/licenses\/by-sa\/3.0\/\" target=\"_blank\" rel=\"noopener\">CC-BY-SA 3.0<\/a>)<\/p>\n\n\n\n<p>Stavovi izneseni u pojedinim tekstovima ne predstavljaju nu\u017eno stavove uredni\u0161tva.<\/p>\n\n\n\n<div style=\"height:20px\" aria-hidden=\"true\" class=\"wp-block-spacer\"><\/div>\n\n\n<div class=\"gb-container gb-container-4b40ce13\"><div class=\"gb-inside-container\">\n\n<p class=\"gb-headline gb-headline-0406f8dc gb-headline-text\">Ma\u0161ina je \u010dlanica:<\/p>\n\n\n<div class=\"gb-container gb-container-0025f9e6\"><div class=\"gb-inside-container\">\n\n<figure class=\"wp-block-image size-medium is-resized\"><img loading=\"lazy\" decoding=\"async\" width=\"640\" height=\"286\" src=\"https:\/\/test.masina.rs\/wp-content\/uploads\/2021\/02\/savet-za-stampu-za-masinu-min.svg\" alt=\"Grafika: Savet za \u0161tampu logo\" class=\"wp-image-17803\" style=\"width:400px\"\/><\/figure>\n\n<\/div><\/div>\n\n<div class=\"gb-container gb-container-55c2d8f6\"><div class=\"gb-inside-container\">\n\n<figure class=\"wp-block-image size-medium\"><a href=\"https:\/\/lefteast.org\/\" target=\"_blank\" rel=\"noopener\"><img loading=\"lazy\" decoding=\"async\" width=\"300\" height=\"150\" src=\"https:\/\/test.masina.rs\/wp-content\/uploads\/2022\/11\/Masina-logotipi-za-web-ELMO-300x150.png\" alt=\"\" class=\"wp-image-30563\" srcset=\"https:\/\/test.masina.rs\/wp-content\/uploads\/2022\/11\/Masina-logotipi-za-web-ELMO-300x150.png 300w, https:\/\/test.masina.rs\/wp-content\/uploads\/2022\/11\/Masina-logotipi-za-web-ELMO-768x384.png 768w, https:\/\/test.masina.rs\/wp-content\/uploads\/2022\/11\/Masina-logotipi-za-web-ELMO.png 960w\" sizes=\"auto, (max-width: 300px) 100vw, 300px\" \/><\/a><\/figure>\n\n<\/div><\/div>\n<\/div><\/div>\n\n\n<p><\/p>\n","protected":false},"excerpt":{"rendered":"<p>IMPRESSUM Ma\u0161ina &#8211; proizvodnja dru\u0161tvene kritikewww.masina.rs\u200b \u200bRegistarski broj: IN000224 Izdava\u010d: Centar za primenjenu komunikaciju Glavni i odgovorni urednik: Marko Mileti\u0107 (marko.miletic@masina.rs)Koordinatorka: Irena Peji\u0107 (irena.pejic@masina.rs)Dru\u0161tvene mre\u017ee: Bojan Terzi\u0107Vizuelni identitet: Jakov Ponjavi\u0107Web administrator: Vladimir Jeri\u0107 VlidiFotografija: Kamerades, Ma\u0161ina Fotografije grupe Kamarades objavljene na portalu Ma\u0161ina se mogu prenositi i koristiti samo i isklju\u010divo kao ilustracije teksta uz &#8230; <a title=\"Impressum\" class=\"read-more\" href=\"https:\/\/test.masina.rs\/?page_id=817\" aria-label=\"Read more about Impressum\">Read more<\/a><\/p>\n","protected":false},"author":240,"featured_media":0,"parent":0,"menu_order":0,"comment_status":"closed","ping_status":"closed","template":"","meta":{"_acf_changed":false,"footnotes":""},"coauthors":[3],"class_list":["post-817","page","type-page","status-publish"],"acf":[],"_links":{"self":[{"href":"https:\/\/test.masina.rs\/index.php?rest_route=\/wp\/v2\/pages\/817","targetHints":{"allow":["GET"]}}],"collection":[{"href":"https:\/\/test.masina.rs\/index.php?rest_route=\/wp\/v2\/pages"}],"about":[{"href":"https:\/\/test.masina.rs\/index.php?rest_route=\/wp\/v2\/types\/page"}],"author":[{"embeddable":true,"href":"https:\/\/test.masina.rs\/index.php?rest_route=\/wp\/v2\/users\/240"}],"replies":[{"embeddable":true,"href":"https:\/\/test.masina.rs\/index.php?rest_route=%2Fwp%2Fv2%2Fcomments&post=817"}],"version-history":[{"count":0,"href":"https:\/\/test.masina.rs\/index.php?rest_route=\/wp\/v2\/pages\/817\/revisions"}],"wp:attachment":[{"href":"https:\/\/test.masina.rs\/index.php?rest_route=%2Fwp%2Fv2%2Fmedia&parent=817"}],"wp:term":[{"taxonomy":"author","embeddable":true,"href":"https:\/\/test.masina.rs\/index.php?rest_route=%2Fwp%2Fv2%2Fcoauthors&post=817"}],"curies":[{"name":"wp","href":"https:\/\/api.w.org\/{rel}","templated":true}]}}